{"id":20,"date":"2021-07-17T19:21:34","date_gmt":"2021-07-17T17:21:34","guid":{"rendered":"http:\/\/relais.f19.de\/?page_id=20"},"modified":"2021-07-17T19:22:30","modified_gmt":"2021-07-17T17:22:30","slug":"spenden","status":"publish","type":"page","link":"http:\/\/relais.f19.de\/?page_id=20","title":{"rendered":"Spenden"},"content":{"rendered":"\n<p>DB0LDK und DB0SWZ sind zwei Relaisstandorte auf denen sich \u00fcberwiegend privat finanzierte Hardware befindet. Aufgrund der Corona-Situation hat sich ein erheblicher Stau an durchzuf\u00fchrenden Arbeiten angesammelt. Da w\u00e4ren unter anderem zu nennen:<\/p>\n\n\n\n<ul class=\"wp-block-list\"><li>Austausch der L\u00fcfter mit Einbau einer L\u00fcftersteuerung<\/li><li>Austausch des vorhanden 24 Port Netzwerkswitch<\/li><li>Installation eines 10&#8243; Netzwerkschrankes als Schnittstelle zu den Antennen<\/li><li>Installation der 2,4 GHz Endstufe auf dem Dach des Krankenhauses Wetzlar<\/li><li>Austausch der 2,4 GHz Schlitzantenne gegen 2 Fl\u00e4chenantennen zur besseren Ausleuchtung des Nahfeldes<\/li><li>\u00dcberpr\u00fcfen der vorhandenen Groundplane Antennen und ggf. Austausch der Antennen<\/li><li>Austausch des Kabelkanals gegen Stahlkanal<\/li><\/ul>\n\n\n\n<p class=\"has-text-align-left\">Wer die Arbeit des Relaisteams finanziell unterst\u00fctzen m\u00f6chte kann uns eine Spende \u00fcber PayPal zukommen lassen. Das PayPal Konto hat die eMail-Adresse:<\/p>\n\n\n\n<p class=\"has-text-align-center\">db0ldk@f19.de<\/p>\n\n\n\n<p class=\"has-text-align-left\">Bitte achtet bei der Spende darauf, dass Ihr vom K\u00e4uferschutz abseht, dieser kostet 1,60\u20ac &#8211; w\u00e4re doch schade, wenn wir das Geld an PayPal bezahlen und nicht nutzen k\u00f6nnen.<\/p>\n\n\n\n<p class=\"has-text-align-left\">vy 73! de Andr\u00e9, DD8AKA<br>Sysop DB0LDK und DB0SWZ<br><\/p>\n","protected":false},"excerpt":{"rendered":"<p>DB0LDK und DB0SWZ sind zwei Relaisstandorte auf denen sich \u00fcberwiegend privat finanzierte Hardware befindet. Aufgrund der Corona-Situation hat sich ein erheblicher Stau an durchzuf\u00fchrenden Arbeiten angesammelt. Da w\u00e4ren unter anderem zu nennen: Austausch der L\u00fcfter mit Einbau einer L\u00fcftersteuerung Austausch des vorhanden 24 Port Netzwerkswitch Installation eines 10&#8243; Netzwerkschrankes als Schnittstelle zu den Antennen Installation [&hellip;]<\/p>\n","protected":false},"author":1,"featured_media":0,"parent":0,"menu_order":0,"comment_status":"closed","ping_status":"closed","template":"","meta":{"footnotes":""},"class_list":["post-20","page","type-page","status-publish","hentry"],"_links":{"self":[{"href":"http:\/\/relais.f19.de\/index.php?rest_route=\/wp\/v2\/pages\/20","targetHints":{"allow":["GET"]}}],"collection":[{"href":"http:\/\/relais.f19.de\/index.php?rest_route=\/wp\/v2\/pages"}],"about":[{"href":"http:\/\/relais.f19.de\/index.php?rest_route=\/wp\/v2\/types\/page"}],"author":[{"embeddable":true,"href":"http:\/\/relais.f19.de\/index.php?rest_route=\/wp\/v2\/users\/1"}],"replies":[{"embeddable":true,"href":"http:\/\/relais.f19.de\/index.php?rest_route=%2Fwp%2Fv2%2Fcomments&post=20"}],"version-history":[{"count":3,"href":"http:\/\/relais.f19.de\/index.php?rest_route=\/wp\/v2\/pages\/20\/revisions"}],"predecessor-version":[{"id":23,"href":"http:\/\/relais.f19.de\/index.php?rest_route=\/wp\/v2\/pages\/20\/revisions\/23"}],"wp:attachment":[{"href":"http:\/\/relais.f19.de\/index.php?rest_route=%2Fwp%2Fv2%2Fmedia&parent=20"}],"curies":[{"name":"wp","href":"https:\/\/api.w.org\/{rel}","templated":true}]}}